{"id":443,"date":"2021-08-04T13:09:50","date_gmt":"2021-08-04T13:09:50","guid":{"rendered":"https:\/\/youngplantsholland.com\/over-ons\/"},"modified":"2025-12-18T15:46:39","modified_gmt":"2025-12-18T15:46:39","slug":"ueber-uns","status":"publish","type":"page","link":"https:\/\/youngplantsholland.com\/de\/ueber-uns\/","title":{"rendered":"\u00dcber uns"},"content":{"rendered":"<h2 class=\"p1\"><span class=\"s1\">\u00dcber<\/span> Young Plants Holland<\/h2>\n<p class=\"p1\">Wir haben mehr als 40 Jahr Erfahrung mit dem Produzieren von verwurzelten Steckling f\u00fcr die Baumschule. Wir liefern an einen gro\u00dfen treuen Kundenkreis in Innen- und Ausland. Durch den von uns entwickelten Produktionsprozess liefern wir Qualit\u00e4t und verkaufen wir nur unsere eigenen produzierten Steckling. Dies um die Qualit\u00e4t zu gew\u00e4hrleisten. Kurz und gut, wir sind die treueste Adresse f\u00fcr Ihren verwurzelten Steckling.<span class=\"Apple-converted-space\">\u00a0<\/span><\/p>\n","protected":false},"excerpt":{"rendered":"<p>\u00dcber Young Plants Holland Wir haben mehr als 40 Jahr Erfahrung mit dem Produzieren von verwurzelten Steckling f\u00fcr die Baumschule. Wir liefern an einen gro\u00dfen treuen Kundenkreis in Innen- und Ausland. Durch den von uns entwickelten Produktionsprozess liefern wir Qualit\u00e4t und verkaufen wir nur unsere eigenen produzierten Steckling. Dies um die Qualit\u00e4t zu gew\u00e4hrleisten. Kurz [&hellip;]<\/p>\n","protected":false},"author":1,"featured_media":367,"parent":0,"menu_order":0,"comment_status":"closed","ping_status":"closed","template":"","meta":{"_acf_changed":false,"footnotes":""},"class_list":["post-443","page","type-page","status-publish","has-post-thumbnail","hentry"],"acf":[],"_links":{"self":[{"href":"https:\/\/youngplantsholland.com\/de\/wp-json\/wp\/v2\/pages\/443","targetHints":{"allow":["GET"]}}],"collection":[{"href":"https:\/\/youngplantsholland.com\/de\/wp-json\/wp\/v2\/pages"}],"about":[{"href":"https:\/\/youngplantsholland.com\/de\/wp-json\/wp\/v2\/types\/page"}],"author":[{"embeddable":true,"href":"https:\/\/youngplantsholland.com\/de\/wp-json\/wp\/v2\/users\/1"}],"replies":[{"embeddable":true,"href":"https:\/\/youngplantsholland.com\/de\/wp-json\/wp\/v2\/comments?post=443"}],"version-history":[{"count":6,"href":"https:\/\/youngplantsholland.com\/de\/wp-json\/wp\/v2\/pages\/443\/revisions"}],"predecessor-version":[{"id":9709,"href":"https:\/\/youngplantsholland.com\/de\/wp-json\/wp\/v2\/pages\/443\/revisions\/9709"}],"wp:featuredmedia":[{"embeddable":true,"href":"https:\/\/youngplantsholland.com\/de\/wp-json\/wp\/v2\/media\/367"}],"wp:attachment":[{"href":"https:\/\/youngplantsholland.com\/de\/wp-json\/wp\/v2\/media?parent=443"}],"curies":[{"name":"wp","href":"https:\/\/api.w.org\/{rel}","templated":true}]}}