{"id":452,"date":"2021-08-04T13:09:50","date_gmt":"2021-08-04T13:09:50","guid":{"rendered":"https:\/\/youngplantsholland.com\/over-ons\/"},"modified":"2025-12-18T15:47:22","modified_gmt":"2025-12-18T15:47:22","slug":"kim-jestesmy","status":"publish","type":"page","link":"https:\/\/youngplantsholland.com\/pl\/kim-jestesmy\/","title":{"rendered":"kim jeste\u015bmy"},"content":{"rendered":"<h2 class=\"p1\">O Young Plants Holland<\/h2>\n<p class=\"p1\">Mamy ponad 40 lat do\u015bwiadczenia w produkcji sadzonek ro\u015blin dla sektora szk\u00f3\u0142karskiego. Dostarczamy je do lojalnej bazy klient\u00f3w w Holandii i za granic\u0105. Nasz w\u0142asny proces produkcyjny pozwala nam zapewni\u0107 wysok\u0105 jako\u015b\u0107 i umo\u017cliwia sprzeda\u017c wy\u0142\u0105cznie naszych sadzonek. Jeste\u015bmy niezawodnym miejscem dla Pa\u0144stwa ukorzenionych sadzonek.<\/p>\n","protected":false},"excerpt":{"rendered":"<p>O Young Plants Holland Mamy ponad 40 lat do\u015bwiadczenia w produkcji sadzonek ro\u015blin dla sektora szk\u00f3\u0142karskiego. Dostarczamy je do lojalnej bazy klient\u00f3w w Holandii i za granic\u0105. Nasz w\u0142asny proces produkcyjny pozwala nam zapewni\u0107 wysok\u0105 jako\u015b\u0107 i umo\u017cliwia sprzeda\u017c wy\u0142\u0105cznie naszych sadzonek. Jeste\u015bmy niezawodnym miejscem dla Pa\u0144stwa ukorzenionych sadzonek.<\/p>\n","protected":false},"author":1,"featured_media":368,"parent":0,"menu_order":0,"comment_status":"closed","ping_status":"closed","template":"","meta":{"_acf_changed":false,"footnotes":""},"class_list":["post-452","page","type-page","status-publish","has-post-thumbnail","hentry"],"acf":[],"_links":{"self":[{"href":"https:\/\/youngplantsholland.com\/pl\/wp-json\/wp\/v2\/pages\/452","targetHints":{"allow":["GET"]}}],"collection":[{"href":"https:\/\/youngplantsholland.com\/pl\/wp-json\/wp\/v2\/pages"}],"about":[{"href":"https:\/\/youngplantsholland.com\/pl\/wp-json\/wp\/v2\/types\/page"}],"author":[{"embeddable":true,"href":"https:\/\/youngplantsholland.com\/pl\/wp-json\/wp\/v2\/users\/1"}],"replies":[{"embeddable":true,"href":"https:\/\/youngplantsholland.com\/pl\/wp-json\/wp\/v2\/comments?post=452"}],"version-history":[{"count":5,"href":"https:\/\/youngplantsholland.com\/pl\/wp-json\/wp\/v2\/pages\/452\/revisions"}],"predecessor-version":[{"id":9711,"href":"https:\/\/youngplantsholland.com\/pl\/wp-json\/wp\/v2\/pages\/452\/revisions\/9711"}],"wp:featuredmedia":[{"embeddable":true,"href":"https:\/\/youngplantsholland.com\/pl\/wp-json\/wp\/v2\/media\/368"}],"wp:attachment":[{"href":"https:\/\/youngplantsholland.com\/pl\/wp-json\/wp\/v2\/media?parent=452"}],"curies":[{"name":"wp","href":"https:\/\/api.w.org\/{rel}","templated":true}]}}