{"id":456,"date":"2021-08-04T13:10:28","date_gmt":"2021-08-04T13:10:28","guid":{"rendered":"https:\/\/youngplantsholland.com\/contact\/"},"modified":"2021-11-02T10:33:29","modified_gmt":"2021-11-02T10:33:29","slug":"kontakt","status":"publish","type":"page","link":"https:\/\/youngplantsholland.com\/pl\/kontakt\/","title":{"rendered":"Kontakt"},"content":{"rendered":"<p class=\"p1\">Dowiedz si\u0119, co mo\u017cemy Ci zaoferowa\u0107 lub um\u00f3w si\u0119 na osobist\u0105 wizyt\u0119 w naszej szk\u00f3\u0142ce, gdzie b\u0119dziemy mogli zaprezentowa\u0107 jako\u015b\u0107 i niezawodno\u015b\u0107, kt\u00f3re mo\u017cemy Ci zaoferowa\u0107 jako Tw\u00f3j kolejny hodowca.<\/p>\n<p class=\"p1\">Z niecierpliwo\u015bci\u0105 czekamy na Pa\u0144stwa telefon, wi\u0119c prosimy o kontakt.<\/p>\n","protected":false},"excerpt":{"rendered":"<p>Dowiedz si\u0119, co mo\u017cemy Ci zaoferowa\u0107 lub um\u00f3w si\u0119 na osobist\u0105 wizyt\u0119 w naszej szk\u00f3\u0142ce, gdzie b\u0119dziemy mogli zaprezentowa\u0107 jako\u015b\u0107 i niezawodno\u015b\u0107, kt\u00f3re mo\u017cemy Ci zaoferowa\u0107 jako Tw\u00f3j kolejny hodowca. Z niecierpliwo\u015bci\u0105 czekamy na Pa\u0144stwa telefon, wi\u0119c prosimy o kontakt.<\/p>\n","protected":false},"author":1,"featured_media":368,"parent":0,"menu_order":0,"comment_status":"closed","ping_status":"closed","template":"page-template\/template-contact.php","meta":{"_acf_changed":false,"footnotes":""},"class_list":["post-456","page","type-page","status-publish","has-post-thumbnail","hentry"],"acf":[],"_links":{"self":[{"href":"https:\/\/youngplantsholland.com\/pl\/wp-json\/wp\/v2\/pages\/456","targetHints":{"allow":["GET"]}}],"collection":[{"href":"https:\/\/youngplantsholland.com\/pl\/wp-json\/wp\/v2\/pages"}],"about":[{"href":"https:\/\/youngplantsholland.com\/pl\/wp-json\/wp\/v2\/types\/page"}],"author":[{"embeddable":true,"href":"https:\/\/youngplantsholland.com\/pl\/wp-json\/wp\/v2\/users\/1"}],"replies":[{"embeddable":true,"href":"https:\/\/youngplantsholland.com\/pl\/wp-json\/wp\/v2\/comments?post=456"}],"version-history":[{"count":4,"href":"https:\/\/youngplantsholland.com\/pl\/wp-json\/wp\/v2\/pages\/456\/revisions"}],"predecessor-version":[{"id":1073,"href":"https:\/\/youngplantsholland.com\/pl\/wp-json\/wp\/v2\/pages\/456\/revisions\/1073"}],"wp:featuredmedia":[{"embeddable":true,"href":"https:\/\/youngplantsholland.com\/pl\/wp-json\/wp\/v2\/media\/368"}],"wp:attachment":[{"href":"https:\/\/youngplantsholland.com\/pl\/wp-json\/wp\/v2\/media?parent=456"}],"curies":[{"name":"wp","href":"https:\/\/api.w.org\/{rel}","templated":true}]}}